{"id":589,"date":"2025-04-28T11:41:32","date_gmt":"2025-04-28T08:41:32","guid":{"rendered":"https:\/\/www.vallikraavi.ee\/raatuse\/?page_id=589"},"modified":"2025-04-28T11:42:35","modified_gmt":"2025-04-28T08:42:35","slug":"privaatsustingimused","status":"publish","type":"page","link":"https:\/\/www.vallikraavi.ee\/raatuse\/privaatsustingimused\/","title":{"rendered":"Privaatsustingimused"},"content":{"rendered":"<p><strong>ISIKUANDMETE T\u00d6\u00d6TLEMISE P\u00d5HIM\u00d5TTED<\/strong><\/p>\n<p>K\u00e4esolevad isikuandmete t\u00f6\u00f6tlemise p\u00f5him\u00f5tted on koostatud eesm\u00e4rgiga kaitsta AS Vallikraavi Kinnisvara endiste, praeguste ja tulevaste klientide privaatsust. Sellest tulenevalt kirjeldame j\u00e4rgnevalt meie p\u00f5him\u00f5tted, mis k\u00e4sitlevad kliendi isikuandmete kogumist, kasutamist, s\u00e4ilitamist, edastamist ja avaldamist ning on koosk\u00f5las Eesti Vabariigi seadustega ja vastavad Euroopa Liidu isikuandmete kaitse \u00fcldm\u00e4\u00e4rusele (EL 2016\/679, GDPR).<\/p>\n<p><strong>Milliseid isikuandmeid me kogume ja mis eesm\u00e4rgil neid kasutame?<\/strong><\/p>\n<p>Isikuandmetena k\u00e4sitleme andmeid, mis on isiku poolt meiega jagatud vabatahtlikult. Isikuandmed v\u00f5ivad sisaldada nime, telefoninumbrit, e-maili, postiaadressi ja muid andmeid.<\/p>\n<p>Isikuandmeid kasutame vaid selleks etten\u00e4htud eesm\u00e4rgil, milleks on:<\/p>\n<ul>\n<li>lepingute ettevalmistamine, s\u00f5lmimine ja t\u00e4itmine<\/li>\n<li>kliendip\u00e4ringutele vastamine ja infovahetus<\/li>\n<li>turundustegevuse ja infomaterjalide edastamine (sh pakkumised, tagasiside k\u00fcsimine)<\/li>\n<li>garantiit\u00f6\u00f6de teostamiseks<\/li>\n<li>raamatupidamiskohustuse t\u00e4itmiseks<\/li>\n<li>muu infomaterjali saatmiseks, mis on seotud AS Vallikraavi Kinnisvara tegevusega.<\/li>\n<\/ul>\n<p><strong>Kellele me isikuandmeid edastame?<\/strong><\/p>\n<p>Me ei edasta ega avalikusta isikuandmeid kolmandatele osapooltele ilma kliendi n\u00f5usolekuta, v\u00e4lja arvatud j\u00e4rgmistel juhtudel:<\/p>\n<ul>\n<li>volitatud t\u00f6\u00f6tlejad saavad andmetele ligi vajalikus ulatuses ja konfidentsiaalsuskohustusega (nt IT-teenuse pakkuja)<\/li>\n<li>notarib\u00fcroo korteriomandi(te) ostmise ettevalmistamisel<\/li>\n<li>kliendile kodulaenu pakkuv pank<\/li>\n<li>garantiit\u00f6id teostav(ad) lepingupartner(id)<\/li>\n<li>sisustusteenust pakkuv ettev\u00f5te (n\u00e4iteks k\u00f6\u00f6gim\u00f6\u00f6bli valmistaja)<\/li>\n<li>Eesti Vabariigi seadusandlusest tuleneval juhul<\/li>\n<\/ul>\n<p><strong>Kui kaua me isikuandmeid s\u00e4ilitame?<\/strong><\/p>\n<p>S\u00e4ilitame kliendi isikuandmeid seni, kuni klient annab teada, et soovib need kustutada. Sellisel juhul kustutame kliendi andmed oma andmebaasidest ja l\u00f5petame kliendile teabe saatmise. Me ei s\u00e4ilita kliendi isikuandmeid kauem, kui see on vajalik kliendi isikuandmete t\u00f6\u00f6tlemise eesm\u00e4rkide v\u00f5i seadusest tulenevate n\u00f5uete t\u00e4itmiseks.<\/p>\n<p><strong>Millised \u00f5igused on kliendil seoses isikuandmetega?<\/strong><\/p>\n<p>Kliendil on j\u00e4rgmised \u00f5igused seoses enda kohta k\u00e4ivate andmetega:<\/p>\n<ul>\n<li>\u00f5igus tutvuda enda kohta k\u00e4ivate andmetega<\/li>\n<li>\u00f5igus parandada ebat\u00e4pseid ja puudulikke andmeid<\/li>\n<li>\u00f5igus kustutada andmeid, kui puudub \u00f5iguslik alus nende s\u00e4ilitamiseks<\/li>\n<li>\u00f5igus piirata andmete t\u00f6\u00f6tlemist teatud juhtudel<\/li>\n<li>\u00f5igus esitada vastv\u00e4iteid t\u00f6\u00f6tlemisele, kui aluseks on \u00f5igustatud huvi<\/li>\n<li>\u00f5igus andmete \u00fclekandmisele teisele teenusepakkujale (kui andmet\u00f6\u00f6tlus toimub automatiseeritult ja n\u00f5usoleku v\u00f5i lepingu alusel)<\/li>\n<li>\u00f5igus v\u00f5tta tagasi varem antud n\u00f5usolek<\/li>\n<li>\u00f5igus esitada kaebus Andmekaitse Inspektsioonile (<a href=\"http:\/\/www.aki.ee\/\" target=\"_blank\" rel=\"noopener\">aki.ee<\/a>)<\/li>\n<\/ul>\n<p>K\u00f5igi p\u00e4ringute ja \u00f5iguste kasutamisega seotud taotluste korral palume kirjutada e-posti aadressile: <a href=\"mailto:vallikraavi@vallikraavi.ee\"><strong>vallikraavi@vallikraavi.ee<\/strong><\/a><\/p>\n<p><strong>K\u00fcpsised ja veebilehe kasutamine<\/strong><\/p>\n<p>Kui k\u00fclastate meie veebilehte, v\u00f5ime koguda andmeid teie seadme ja brauseri kohta, kasutades <strong>k\u00fcpsiseid<\/strong> v\u00f5i sarnaseid tehnoloogiaid. K\u00fcpsised aitavad meil pakkuda paremat kasutajakogemust ja anal\u00fc\u00fcsida veebilehe liiklust. Vajadusel k\u00fcsime eraldi n\u00f5usolekut k\u00fcpsiste kasutamiseks.<\/p>\n<p><strong>Privaatsustingimuste muutmine<\/strong><\/p>\n<p>Meile oma andmeid edastades ning meie veebilehe kasutamist j\u00e4tkates loeme, et olete tutvunud meie p\u00f5him\u00f5tete ja tingimustega ning nendega n\u00f5ustunud.<\/p>\n<p>AS Vallikraavi Kinnisvara j\u00e4tab endale \u00f5iguse uuendada ja muuta k\u00e4esolevaid privaatsusp\u00f5him\u00f5tteid. K\u00f5ik muudatused avaldatakse meie veebilehel. Soovitame aeg-ajalt tingimustega tutvuda, et olla kursis v\u00f5imalike muudatustega.<\/p>\n<p>K\u00f5ikide privaatsuspoliitikat puudutavate k\u00fcsimuste korral palume v\u00f5tta meiega \u00fchendust\u00a0<a href=\"mailto:vallikraavi@vallikraavi.ee\"><strong>vallikraavi@vallikraavi.ee<\/strong><\/a><\/p>\n<p>&nbsp;<\/p>\n<p>&nbsp;<\/p>\n<p>&nbsp;<\/p>\n<p>&nbsp;<\/p>\n","protected":false},"excerpt":{"rendered":"<p>ISIKUANDMETE T\u00d6\u00d6TLEMISE P\u00d5HIM\u00d5TTED K\u00e4esolevad isikuandmete t\u00f6\u00f6tlemise p\u00f5him\u00f5tted on koostatud eesm\u00e4rgiga kaitsta AS Vallikraavi Kinnisvara endiste, praeguste ja tulevaste klientide privaatsust. Sellest tulenevalt kirjeldame j\u00e4rgnevalt meie p\u00f5him\u00f5tted, mis k\u00e4sitlevad kliendi isikuandmete kogumist, kasutamist, s\u00e4ilitamist, edastamist ja avaldamist ning on koosk\u00f5las Eesti Vabariigi seadustega ja vastavad Euroopa Liidu isikuandmete kaitse \u00fcldm\u00e4\u00e4rusele (EL 2016\/679, GDPR). Milliseid isikuandmeid me&hellip; <a class=\"more-link\" href=\"https:\/\/www.vallikraavi.ee\/raatuse\/privaatsustingimused\/\">Continue reading <span class=\"screen-reader-text\">Privaatsustingimused<\/span><\/a><\/p>\n","protected":false},"author":1,"featured_media":0,"parent":0,"menu_order":0,"comment_status":"closed","ping_status":"closed","template":"","meta":{"_acf_changed":false,"footnotes":""},"class_list":["post-589","page","type-page","status-publish","hentry","entry"],"acf":[],"yoast_head":"<!-- This site is optimized with the Yoast SEO plugin v27.0 - https:\/\/yoast.com\/product\/yoast-seo-wordpress\/ -->\n<title>Privaatsustingimused - Raatuse Residentsid<\/title>\n<meta name=\"robots\" content=\"index, follow, max-snippet:-1, max-image-preview:large, max-video-preview:-1\" \/>\n<link rel=\"canonical\" href=\"https:\/\/www.vallikraavi.ee\/raatuse\/privaatsustingimused\/\" \/>\n<meta property=\"og:locale\" content=\"et_EE\" \/>\n<meta property=\"og:type\" content=\"article\" \/>\n<meta property=\"og:title\" content=\"Privaatsustingimused - Raatuse Residentsid\" \/>\n<meta property=\"og:description\" content=\"ISIKUANDMETE T\u00d6\u00d6TLEMISE P\u00d5HIM\u00d5TTED K\u00e4esolevad isikuandmete t\u00f6\u00f6tlemise p\u00f5him\u00f5tted on koostatud eesm\u00e4rgiga kaitsta AS Vallikraavi Kinnisvara endiste, praeguste ja tulevaste klientide privaatsust. Sellest tulenevalt kirjeldame j\u00e4rgnevalt meie p\u00f5him\u00f5tted, mis k\u00e4sitlevad kliendi isikuandmete kogumist, kasutamist, s\u00e4ilitamist, edastamist ja avaldamist ning on koosk\u00f5las Eesti Vabariigi seadustega ja vastavad Euroopa Liidu isikuandmete kaitse \u00fcldm\u00e4\u00e4rusele (EL 2016\/679, GDPR). Milliseid isikuandmeid me&hellip; Continue reading Privaatsustingimused\" \/>\n<meta property=\"og:url\" content=\"https:\/\/www.vallikraavi.ee\/raatuse\/privaatsustingimused\/\" \/>\n<meta property=\"og:site_name\" content=\"Raatuse Residentsid\" \/>\n<meta property=\"article:modified_time\" content=\"2025-04-28T08:42:35+00:00\" \/>\n<meta name=\"twitter:card\" content=\"summary_large_image\" \/>\n<meta name=\"twitter:label1\" content=\"Est. reading time\" \/>\n\t<meta name=\"twitter:data1\" content=\"2 minutit\" \/>\n<script type=\"application\/ld+json\" class=\"yoast-schema-graph\">{\"@context\":\"https:\/\/schema.org\",\"@graph\":[{\"@type\":\"WebPage\",\"@id\":\"https:\/\/www.vallikraavi.ee\/raatuse\/privaatsustingimused\/\",\"url\":\"https:\/\/www.vallikraavi.ee\/raatuse\/privaatsustingimused\/\",\"name\":\"Privaatsustingimused - Raatuse Residentsid\",\"isPartOf\":{\"@id\":\"https:\/\/www.vallikraavi.ee\/raatuse\/#website\"},\"datePublished\":\"2025-04-28T08:41:32+00:00\",\"dateModified\":\"2025-04-28T08:42:35+00:00\",\"breadcrumb\":{\"@id\":\"https:\/\/www.vallikraavi.ee\/raatuse\/privaatsustingimused\/#breadcrumb\"},\"inLanguage\":\"et\",\"potentialAction\":[{\"@type\":\"ReadAction\",\"target\":[\"https:\/\/www.vallikraavi.ee\/raatuse\/privaatsustingimused\/\"]}]},{\"@type\":\"BreadcrumbList\",\"@id\":\"https:\/\/www.vallikraavi.ee\/raatuse\/privaatsustingimused\/#breadcrumb\",\"itemListElement\":[{\"@type\":\"ListItem\",\"position\":1,\"name\":\"Home\",\"item\":\"https:\/\/www.vallikraavi.ee\/raatuse\/\"},{\"@type\":\"ListItem\",\"position\":2,\"name\":\"Privaatsustingimused\"}]},{\"@type\":\"WebSite\",\"@id\":\"https:\/\/www.vallikraavi.ee\/raatuse\/#website\",\"url\":\"https:\/\/www.vallikraavi.ee\/raatuse\/\",\"name\":\"Raatuse Residentsid\",\"description\":\"Raatuse Residentsid, Tartu uus elamukvartal\",\"publisher\":{\"@id\":\"https:\/\/www.vallikraavi.ee\/raatuse\/#organization\"},\"potentialAction\":[{\"@type\":\"SearchAction\",\"target\":{\"@type\":\"EntryPoint\",\"urlTemplate\":\"https:\/\/www.vallikraavi.ee\/raatuse\/?s={search_term_string}\"},\"query-input\":{\"@type\":\"PropertyValueSpecification\",\"valueRequired\":true,\"valueName\":\"search_term_string\"}}],\"inLanguage\":\"et\"},{\"@type\":\"Organization\",\"@id\":\"https:\/\/www.vallikraavi.ee\/raatuse\/#organization\",\"name\":\"Raatuse Residentsid\",\"url\":\"https:\/\/www.vallikraavi.ee\/raatuse\/\",\"logo\":{\"@type\":\"ImageObject\",\"inLanguage\":\"et\",\"@id\":\"https:\/\/www.vallikraavi.ee\/raatuse\/#\/schema\/logo\/image\/\",\"url\":\"https:\/\/www.vallikraavi.ee\/raatuse\/wp-content\/uploads\/2025\/04\/logo.svg\",\"contentUrl\":\"https:\/\/www.vallikraavi.ee\/raatuse\/wp-content\/uploads\/2025\/04\/logo.svg\",\"caption\":\"Raatuse Residentsid\"},\"image\":{\"@id\":\"https:\/\/www.vallikraavi.ee\/raatuse\/#\/schema\/logo\/image\/\"}}]}<\/script>\n<!-- \/ Yoast SEO plugin. -->","yoast_head_json":{"title":"Privaatsustingimused - Raatuse Residentsid","robots":{"index":"index","follow":"follow","max-snippet":"max-snippet:-1","max-image-preview":"max-image-preview:large","max-video-preview":"max-video-preview:-1"},"canonical":"https:\/\/www.vallikraavi.ee\/raatuse\/privaatsustingimused\/","og_locale":"et_EE","og_type":"article","og_title":"Privaatsustingimused - Raatuse Residentsid","og_description":"ISIKUANDMETE T\u00d6\u00d6TLEMISE P\u00d5HIM\u00d5TTED K\u00e4esolevad isikuandmete t\u00f6\u00f6tlemise p\u00f5him\u00f5tted on koostatud eesm\u00e4rgiga kaitsta AS Vallikraavi Kinnisvara endiste, praeguste ja tulevaste klientide privaatsust. Sellest tulenevalt kirjeldame j\u00e4rgnevalt meie p\u00f5him\u00f5tted, mis k\u00e4sitlevad kliendi isikuandmete kogumist, kasutamist, s\u00e4ilitamist, edastamist ja avaldamist ning on koosk\u00f5las Eesti Vabariigi seadustega ja vastavad Euroopa Liidu isikuandmete kaitse \u00fcldm\u00e4\u00e4rusele (EL 2016\/679, GDPR). Milliseid isikuandmeid me&hellip; Continue reading Privaatsustingimused","og_url":"https:\/\/www.vallikraavi.ee\/raatuse\/privaatsustingimused\/","og_site_name":"Raatuse Residentsid","article_modified_time":"2025-04-28T08:42:35+00:00","twitter_card":"summary_large_image","twitter_misc":{"Est. reading time":"2 minutit"},"schema":{"@context":"https:\/\/schema.org","@graph":[{"@type":"WebPage","@id":"https:\/\/www.vallikraavi.ee\/raatuse\/privaatsustingimused\/","url":"https:\/\/www.vallikraavi.ee\/raatuse\/privaatsustingimused\/","name":"Privaatsustingimused - Raatuse Residentsid","isPartOf":{"@id":"https:\/\/www.vallikraavi.ee\/raatuse\/#website"},"datePublished":"2025-04-28T08:41:32+00:00","dateModified":"2025-04-28T08:42:35+00:00","breadcrumb":{"@id":"https:\/\/www.vallikraavi.ee\/raatuse\/privaatsustingimused\/#breadcrumb"},"inLanguage":"et","potentialAction":[{"@type":"ReadAction","target":["https:\/\/www.vallikraavi.ee\/raatuse\/privaatsustingimused\/"]}]},{"@type":"BreadcrumbList","@id":"https:\/\/www.vallikraavi.ee\/raatuse\/privaatsustingimused\/#breadcrumb","itemListElement":[{"@type":"ListItem","position":1,"name":"Home","item":"https:\/\/www.vallikraavi.ee\/raatuse\/"},{"@type":"ListItem","position":2,"name":"Privaatsustingimused"}]},{"@type":"WebSite","@id":"https:\/\/www.vallikraavi.ee\/raatuse\/#website","url":"https:\/\/www.vallikraavi.ee\/raatuse\/","name":"Raatuse Residentsid","description":"Raatuse Residentsid, Tartu uus elamukvartal","publisher":{"@id":"https:\/\/www.vallikraavi.ee\/raatuse\/#organization"},"potentialAction":[{"@type":"SearchAction","target":{"@type":"EntryPoint","urlTemplate":"https:\/\/www.vallikraavi.ee\/raatuse\/?s={search_term_string}"},"query-input":{"@type":"PropertyValueSpecification","valueRequired":true,"valueName":"search_term_string"}}],"inLanguage":"et"},{"@type":"Organization","@id":"https:\/\/www.vallikraavi.ee\/raatuse\/#organization","name":"Raatuse Residentsid","url":"https:\/\/www.vallikraavi.ee\/raatuse\/","logo":{"@type":"ImageObject","inLanguage":"et","@id":"https:\/\/www.vallikraavi.ee\/raatuse\/#\/schema\/logo\/image\/","url":"https:\/\/www.vallikraavi.ee\/raatuse\/wp-content\/uploads\/2025\/04\/logo.svg","contentUrl":"https:\/\/www.vallikraavi.ee\/raatuse\/wp-content\/uploads\/2025\/04\/logo.svg","caption":"Raatuse Residentsid"},"image":{"@id":"https:\/\/www.vallikraavi.ee\/raatuse\/#\/schema\/logo\/image\/"}}]}},"_links":{"self":[{"href":"https:\/\/www.vallikraavi.ee\/raatuse\/wp-json\/wp\/v2\/pages\/589","targetHints":{"allow":["GET"]}}],"collection":[{"href":"https:\/\/www.vallikraavi.ee\/raatuse\/wp-json\/wp\/v2\/pages"}],"about":[{"href":"https:\/\/www.vallikraavi.ee\/raatuse\/wp-json\/wp\/v2\/types\/page"}],"author":[{"embeddable":true,"href":"https:\/\/www.vallikraavi.ee\/raatuse\/wp-json\/wp\/v2\/users\/1"}],"replies":[{"embeddable":true,"href":"https:\/\/www.vallikraavi.ee\/raatuse\/wp-json\/wp\/v2\/comments?post=589"}],"version-history":[{"count":3,"href":"https:\/\/www.vallikraavi.ee\/raatuse\/wp-json\/wp\/v2\/pages\/589\/revisions"}],"predecessor-version":[{"id":592,"href":"https:\/\/www.vallikraavi.ee\/raatuse\/wp-json\/wp\/v2\/pages\/589\/revisions\/592"}],"wp:attachment":[{"href":"https:\/\/www.vallikraavi.ee\/raatuse\/wp-json\/wp\/v2\/media?parent=589"}],"curies":[{"name":"wp","href":"https:\/\/api.w.org\/{rel}","templated":true}]}}