{"id":3810,"date":"2016-04-27T13:33:43","date_gmt":"2016-04-27T13:33:43","guid":{"rendered":"https:\/\/www.vallikraavi.ee\/ettevote\/"},"modified":"2022-01-31T09:34:25","modified_gmt":"2022-01-31T07:34:25","slug":"ettevote","status":"publish","type":"page","link":"https:\/\/www.vallikraavi.ee\/ru\/ettevote\/","title":{"rendered":"\u041e \u043a\u043e\u043c\u043f\u0430\u043d\u0438\u0438"},"content":{"rendered":"<h2 style=\"text-align: center;\">MISSIOON<\/h2>\n<p style=\"text-align: center;\">Pakkuda klientidele erinevaid kinnisvaraalaseid lahendusi ja tagada kinnisvarale v\u00e4\u00e4rikas pikaealisus<\/p>\n<h2 style=\"text-align: center;\"><\/h2>\n<p>&nbsp;<\/p>\n<h2 style=\"text-align: center;\">ETTEV\u00d5TTEST<\/h2>\n<p style=\"text-align: center;\">AS Vallikraavi Kinnisvara on loodud 1996. aastal Tartus. Kontorid asuvad Tartus ja Tallinnas.<\/p>\n<p style=\"text-align: center;\">AS Vallikraavi Kinnisvara monoliitne kollektiiv pakub kvaliteetset kinnisvara teenust, leiab lahendused kliendi probleemidele ja k\u00fcsimustele kinnisvara valdkonnas ning n\u00f5ustab klienti kinnisvaratehingute n\u00fcanssides. K\u00f5igi meie t\u00f6\u00f6tajate tegevus baseerub kliendikesksele m\u00f5tteviisile ja kinnisvara valdkonna heale tundmisele. K\u00f5ik meie t\u00f6\u00f6tajad on l\u00f5petanud k\u00f5rgkoolid ja omavad \u00fcle seitsme-aastast t\u00f6\u00f6kogemust kinnisvara valdkonnas. Inimene areneb koos firmaga \u2013 just kogemused on need, mis teevad k\u00f5rgharidusega insenerist, arhitektist v\u00f5i ehitajast professionaali.<\/p>\n<p>&nbsp;<\/p>\n","protected":false},"excerpt":{"rendered":"<p>MISSIOON Pakkuda klientidele erinevaid kinnisvaraalaseid lahendusi ja tagada kinnisvarale v\u00e4\u00e4rikas pikaealisus &nbsp; ETTEV\u00d5TTEST AS Vallikraavi Kinnisvara on loodud 1996. aastal Tartus. Kontorid asuvad Tartus ja Tallinnas. AS Vallikraavi Kinnisvara monoliitne kollektiiv pakub kvaliteetset kinnisvara teenust, leiab lahendused kliendi probleemidele ja k\u00fcsimustele kinnisvara valdkonnas ning n\u00f5ustab klienti kinnisvaratehingute n\u00fcanssides. K\u00f5igi meie t\u00f6\u00f6tajate tegevus baseerub kliendikesksele m\u00f5tteviisile [&hellip;]<\/p>\n","protected":false},"author":1,"featured_media":0,"parent":0,"menu_order":0,"comment_status":"closed","ping_status":"closed","template":"","meta":{"_acf_changed":false,"_monsterinsights_skip_tracking":false,"_monsterinsights_sitenote_active":false,"_monsterinsights_sitenote_note":"","_monsterinsights_sitenote_category":0,"footnotes":""},"class_list":["post-3810","page","type-page","status-publish","hentry"],"acf":[],"_links":{"self":[{"href":"https:\/\/www.vallikraavi.ee\/ru\/wp-json\/wp\/v2\/pages\/3810","targetHints":{"allow":["GET"]}}],"collection":[{"href":"https:\/\/www.vallikraavi.ee\/ru\/wp-json\/wp\/v2\/pages"}],"about":[{"href":"https:\/\/www.vallikraavi.ee\/ru\/wp-json\/wp\/v2\/types\/page"}],"author":[{"embeddable":true,"href":"https:\/\/www.vallikraavi.ee\/ru\/wp-json\/wp\/v2\/users\/1"}],"replies":[{"embeddable":true,"href":"https:\/\/www.vallikraavi.ee\/ru\/wp-json\/wp\/v2\/comments?post=3810"}],"version-history":[{"count":1,"href":"https:\/\/www.vallikraavi.ee\/ru\/wp-json\/wp\/v2\/pages\/3810\/revisions"}],"predecessor-version":[{"id":3815,"href":"https:\/\/www.vallikraavi.ee\/ru\/wp-json\/wp\/v2\/pages\/3810\/revisions\/3815"}],"wp:attachment":[{"href":"https:\/\/www.vallikraavi.ee\/ru\/wp-json\/wp\/v2\/media?parent=3810"}],"curies":[{"name":"wp","href":"https:\/\/api.w.org\/{rel}","templated":true}]}}